{"id":22,"date":"2020-11-06T10:48:14","date_gmt":"2020-11-06T09:48:14","guid":{"rendered":"https:\/\/www.haag-malerstucki.de\/?page_id=22"},"modified":"2024-05-03T12:28:17","modified_gmt":"2024-05-03T10:28:17","slug":"ueber-uns","status":"publish","type":"page","link":"https:\/\/www.haag-malerstucki.de\/?page_id=22","title":{"rendered":"\u00dcber uns"},"content":{"rendered":"<div id=\"pl-22\"  class=\"panel-layout\" ><div id=\"pg-22-0\"  class=\"panel-grid panel-no-style\" ><div id=\"pgc-22-0-0\"  class=\"panel-grid-cell\" ><div id=\"panel-22-0-0-0\" class=\"so-panel widget widget_sow-hero panel-first-child\" data-index=\"0\" ><div class=\"so-widget-sow-hero so-widget-sow-hero-default-3132814f44d9 so-widget-fittext-wrapper\" data-fit-text-compressor=\"0.85\"><div class=\"sow-slider-base \" style=\"display: none\"><ul class=\"sow-slider-images\" data-settings=\"{&quot;pagination&quot;:true,&quot;speed&quot;:800,&quot;timeout&quot;:8000,&quot;paused&quot;:false,&quot;pause_on_hover&quot;:false,&quot;swipe&quot;:true,&quot;nav_always_show_mobile&quot;:&quot;&quot;,&quot;breakpoint&quot;:&quot;780px&quot;}\">\t\t<li class=\"sow-slider-image  sow-slider-image-cover\" style=\"background-color: #333333;background-image: url(https:\/\/www.haag-malerstucki.de\/wp-content\/uploads\/2024\/05\/Klaus_Haag_001-scaled.jpg)\" >\n\t\t\t\t\t<div class=\"sow-slider-image-container\">\n\t\t\t<div class=\"sow-slider-image-wrapper\">\n\t\t\t\t<p>&nbsp;<\/p>\n<p>&nbsp;<\/p>\n<p>&nbsp;<\/p>\n<p>&nbsp;<\/p>\n<p>&nbsp;<\/p>\n<p>&nbsp;<\/p>\n<p>&nbsp;<\/p>\n<p>&nbsp;<\/p>\n<p>&nbsp;<\/p>\n<p>&nbsp;<\/p>\n<p>&nbsp;<\/p>\n<p>&nbsp;<\/p>\n<p>&nbsp;<\/p>\n<p>&nbsp;<\/p>\n<p>.<\/p>\n\t\t\t<\/div>\n\t\t<\/div>\n\t\t\t\t<\/li>\n\t\t\t\t<li class=\"sow-slider-image  sow-slider-image-cover\" style=\"background-color: #333333;background-image: url(https:\/\/www.haag-malerstucki.de\/wp-content\/uploads\/2023\/05\/Klaus_Haag_002-scaled.jpg)\" >\n\t\t\t\t\t<div class=\"sow-slider-image-container\">\n\t\t\t<div class=\"sow-slider-image-wrapper\">\n\t\t\t\t<p>&nbsp;<\/p>\n<p>&nbsp;<\/p>\n<p>&nbsp;<\/p>\n<p>&nbsp;<\/p>\n<p>&nbsp;<\/p>\n<p>&nbsp;<\/p>\n<p>&nbsp;<\/p>\n<p>&nbsp;<\/p>\n<p>&nbsp;<\/p>\n<p>&nbsp;<\/p>\n<p>&nbsp;<\/p>\n<p>&nbsp;<\/p>\n<p>&nbsp;<\/p>\n<p>&nbsp;<\/p>\n<p>.<\/p>\n\t\t\t<\/div>\n\t\t<\/div>\n\t\t\t\t<\/li>\n\t\t<\/ul>\t\t\t\t<ol class=\"sow-slider-pagination\">\n\t\t\t\t\t\t\t\t\t\t\t<li><a href=\"#\" data-goto=\"0\" aria-label=\"display slide 1\"><\/a><\/li>\n\t\t\t\t\t\t\t\t\t\t\t<li><a href=\"#\" data-goto=\"1\" aria-label=\"display slide 2\"><\/a><\/li>\n\t\t\t\t\t\t\t\t\t<\/ol>\n\n\t\t\t\t<div class=\"sow-slide-nav sow-slide-nav-next\">\n\t\t\t\t\t<a href=\"#\" data-goto=\"next\" aria-label=\"next slide\" data-action=\"next\">\n\t\t\t\t\t\t<em class=\"sow-sld-icon-thin-right\"><\/em>\n\t\t\t\t\t<\/a>\n\t\t\t\t<\/div>\n\n\t\t\t\t<div class=\"sow-slide-nav sow-slide-nav-prev\">\n\t\t\t\t\t<a href=\"#\" data-goto=\"previous\" aria-label=\"previous slide\" data-action=\"prev\">\n\t\t\t\t\t\t<em class=\"sow-sld-icon-thin-left\"><\/em>\n\t\t\t\t\t<\/a>\n\t\t\t\t<\/div>\n\t\t\t\t<\/div><\/div><\/div><div id=\"panel-22-0-0-1\" class=\"so-panel widget widget_sow-editor panel-last-child\" data-index=\"1\" ><div class=\"so-widget-sow-editor so-widget-sow-editor-base\">\n<div class=\"siteorigin-widget-tinymce textwidget\">\n\t<p>Klaus Haag gr\u00fcndete 1987 das Unternehmen als Malergesch\u00e4ft, kurz nachdem er am 10. September 1987 die Meisterpr\u00fcfung erfolgreich abgelegt hatte.<\/p>\n<p>Durch Flei\u00df, kompetente Beratung und Fachwissen konnte sich der Malerbetrieb recht schnell als innovativer Partner zahlreicher Privat- und Gesch\u00e4ftskunden etablieren.<\/p>\n<p>1990 erweiterte Klaus Haag seinen kleinen Familienbetrieb um eine exklusive Stuckateurabteilung und legte 1996 auch selbst den Meistertitel vor der Handwerkskammer des Saarlandes im Stuckateurhandwerk ab.<\/p>\n<p>Vom Unternehmensitz in Spiesen-Elversberg aus agiert das kompetente Team nicht nur im ganzen Saarland, sondern auch \u00fcberregional.<\/p>\n<p>Die Firma Klaus Haag GmbH \u00fcberzeugt durch exakte, qualitativ hochwertige Arbeit mit fachkompetenten Mitarbeitern, sowie termingerechte und schnelle Auftragsabwicklung.<\/p>\n<p>Durch Teilnahme an Seminaren und Workshops sind unsere Mitarbeiter stets auf dem neusten Stand. Somit kann mit modernen Techniken und Spezialger\u00e4ten anspruchsvolle Qualit\u00e4tsarbeit f\u00fcr h\u00f6chste Anspr\u00fcche geleistet werden. Gepaart mit traditioneller Handwerkskunst wird neben der technischen Ausf\u00fchrung auch die k\u00fcnstlerische Gestaltung gew\u00e4hrlistet.<\/p>\n<p>Durch die Kinder Christian und Christina ist das Fortbestehen der Firma gesichert. Beide bereichern seit geraumer Zeit mit ihrer Berufserfahrung und frischen Wind den Familienbetrieb.<\/p>\n<p>Frau Ludmilla Haag steht seit der Gr\u00fcndung 1987 an der Seite ihres Mannes Klaus und f\u00fchrt die Gesch\u00e4fte vom B\u00fcro aus.<\/p>\n<p>Hier hat man f\u00fcr Kunden sowie f\u00fcr die Mitarbeiter stets ein offenes Ohr und eine warme Tasse Kaffee.<\/p>\n<\/div>\n<\/div><\/div><\/div><\/div><\/div>","protected":false},"excerpt":{"rendered":"<p>Klaus Haag gr\u00fcndete 1987 das Unternehmen als Malergesch\u00e4ft, kurz nachdem er am 10. September 1987 die Meisterpr\u00fcfung erfolgreich abgelegt hatte. Durch Flei\u00df, kompetente Beratung und Fachwissen konnte sich der Malerbetrieb &#8230;<\/p>\n","protected":false},"author":1,"featured_media":0,"parent":0,"menu_order":0,"comment_status":"closed","ping_status":"closed","template":"template-fullwidth.php","meta":[],"_links":{"self":[{"href":"https:\/\/www.haag-malerstucki.de\/index.php?rest_route=\/wp\/v2\/pages\/22"}],"collection":[{"href":"https:\/\/www.haag-malerstucki.de\/index.php?rest_route=\/wp\/v2\/pages"}],"about":[{"href":"https:\/\/www.haag-malerstucki.de\/index.php?rest_route=\/wp\/v2\/types\/page"}],"author":[{"embeddable":true,"href":"https:\/\/www.haag-malerstucki.de\/index.php?rest_route=\/wp\/v2\/users\/1"}],"replies":[{"embeddable":true,"href":"https:\/\/www.haag-malerstucki.de\/index.php?rest_route=%2Fwp%2Fv2%2Fcomments&post=22"}],"version-history":[{"count":20,"href":"https:\/\/www.haag-malerstucki.de\/index.php?rest_route=\/wp\/v2\/pages\/22\/revisions"}],"predecessor-version":[{"id":310,"href":"https:\/\/www.haag-malerstucki.de\/index.php?rest_route=\/wp\/v2\/pages\/22\/revisions\/310"}],"wp:attachment":[{"href":"https:\/\/www.haag-malerstucki.de\/index.php?rest_route=%2Fwp%2Fv2%2Fmedia&parent=22"}],"curies":[{"name":"wp","href":"https:\/\/api.w.org\/{rel}","templated":true}]}}